{"id":563,"date":"2023-10-26T09:59:55","date_gmt":"2023-10-26T12:59:55","guid":{"rendered":"https:\/\/relar.com.br\/?page_id=563"},"modified":"2024-05-21T15:05:32","modified_gmt":"2024-05-21T18:05:32","slug":"maxim-ar","status":"publish","type":"page","link":"https:\/\/relar.com.br\/?page_id=563","title":{"rendered":"Maxim ar"},"content":{"rendered":"\t\t<div data-elementor-type=\"wp-page\" data-elementor-id=\"563\" class=\"elementor elementor-563\">\n\t\t\t\t\t\t\t\t\t<section class=\"elementor-section elementor-top-section elementor-element elementor-element-a33817f elementor-section-height-min-height elementor-section-boxed elementor-section-height-default elementor-section-items-middle\" data-id=\"a33817f\" data-element_type=\"section\" data-settings=\"{&quot;background_background&quot;:&quot;classic&quot;}\">\n\t\t\t\t\t\t<div class=\"elementor-container elementor-column-gap-default\">\n\t\t\t\t\t<div class=\"elementor-column elementor-col-100 elementor-top-column elementor-element elementor-element-2a8cfef\" data-id=\"2a8cfef\" data-element_type=\"column\">\n\t\t\t<div class=\"elementor-widget-wrap\">\n\t\t\t\t\t\t\t\t\t<\/div>\n\t\t<\/div>\n\t\t\t\t\t\t\t<\/div>\n\t\t<\/section>\n\t\t\t\t<section class=\"elementor-section elementor-top-section elementor-element elementor-element-e39663f elementor-hidden-tablet elementor-hidden-mobile elementor-section-boxed elementor-section-height-default elementor-section-height-default\" data-id=\"e39663f\" data-element_type=\"section\" data-settings=\"{&quot;background_background&quot;:&quot;classic&quot;}\">\n\t\t\t\t\t\t<div class=\"elementor-container elementor-column-gap-default\">\n\t\t\t\t\t<div class=\"elementor-column elementor-col-100 elementor-top-column elementor-element elementor-element-c07192b\" data-id=\"c07192b\" data-element_type=\"column\">\n\t\t\t<div class=\"elementor-widget-wrap elementor-element-populated\">\n\t\t\t\t\t\t\t\t<div class=\"elementor-element elementor-element-6881e89 elementor-nav-menu__align-center elementor-nav-menu--dropdown-tablet elementor-nav-menu__text-align-aside elementor-nav-menu--toggle elementor-nav-menu--burger elementor-widget elementor-widget-nav-menu\" data-id=\"6881e89\" data-element_type=\"widget\" data-settings=\"{&quot;submenu_icon&quot;:{&quot;value&quot;:&quot;&lt;i class=\\&quot;\\&quot;&gt;&lt;\\\/i&gt;&quot;,&quot;library&quot;:&quot;&quot;},&quot;layout&quot;:&quot;horizontal&quot;,&quot;toggle&quot;:&quot;burger&quot;}\" data-widget_type=\"nav-menu.default\">\n\t\t\t\t<div class=\"elementor-widget-container\">\n\t\t\t<link rel=\"stylesheet\" href=\"https:\/\/relar.com.br\/wp-content\/plugins\/elementor-pro\/assets\/css\/widget-nav-menu.min.css\">\t\t\t<nav class=\"elementor-nav-menu--main elementor-nav-menu__container elementor-nav-menu--layout-horizontal e--pointer-underline e--animation-fade\">\n\t\t\t\t<ul id=\"menu-1-6881e89\" class=\"elementor-nav-menu\"><li class=\"menu-item menu-item-type-post_type menu-item-object-page menu-item-573\"><a href=\"https:\/\/relar.com.br\/?page_id=558\" class=\"elementor-item\">Venezianas<\/a><\/li>\n<li class=\"menu-item menu-item-type-post_type menu-item-object-page menu-item-569\"><a href=\"https:\/\/relar.com.br\/?page_id=567\" class=\"elementor-item\">Vitr\u00f4<\/a><\/li>\n<li class=\"menu-item menu-item-type-post_type menu-item-object-page menu-item-570\"><a href=\"https:\/\/relar.com.br\/?page_id=565\" class=\"elementor-item\">Portas<\/a><\/li>\n<li class=\"menu-item menu-item-type-post_type menu-item-object-page menu-item-571\"><a href=\"https:\/\/relar.com.br\/?page_id=563\" class=\"elementor-item\">Maxim ar<\/a><\/li>\n<li class=\"menu-item menu-item-type-post_type menu-item-object-page menu-item-572\"><a href=\"https:\/\/relar.com.br\/?page_id=561\" class=\"elementor-item\">Basculantes<\/a><\/li>\n<\/ul>\t\t\t<\/nav>\n\t\t\t\t\t<div class=\"elementor-menu-toggle\" role=\"button\" tabindex=\"0\" aria-label=\"Menu Toggle\" aria-expanded=\"false\">\n\t\t\t<i aria-hidden=\"true\" role=\"presentation\" class=\"elementor-menu-toggle__icon--open eicon-menu-bar\"><\/i><i aria-hidden=\"true\" role=\"presentation\" class=\"elementor-menu-toggle__icon--close eicon-close\"><\/i>\t\t\t<span class=\"elementor-screen-only\">Menu<\/span>\n\t\t<\/div>\n\t\t\t\t\t<nav class=\"elementor-nav-menu--dropdown elementor-nav-menu__container\" aria-hidden=\"true\">\n\t\t\t\t<ul id=\"menu-2-6881e89\" class=\"elementor-nav-menu\"><li class=\"menu-item menu-item-type-post_type menu-item-object-page menu-item-573\"><a href=\"https:\/\/relar.com.br\/?page_id=558\" class=\"elementor-item\" tabindex=\"-1\">Venezianas<\/a><\/li>\n<li class=\"menu-item menu-item-type-post_type menu-item-object-page menu-item-569\"><a href=\"https:\/\/relar.com.br\/?page_id=567\" class=\"elementor-item\" tabindex=\"-1\">Vitr\u00f4<\/a><\/li>\n<li class=\"menu-item menu-item-type-post_type menu-item-object-page menu-item-570\"><a href=\"https:\/\/relar.com.br\/?page_id=565\" class=\"elementor-item\" tabindex=\"-1\">Portas<\/a><\/li>\n<li class=\"menu-item menu-item-type-post_type menu-item-object-page menu-item-571\"><a href=\"https:\/\/relar.com.br\/?page_id=563\" class=\"elementor-item\" tabindex=\"-1\">Maxim ar<\/a><\/li>\n<li class=\"menu-item menu-item-type-post_type menu-item-object-page menu-item-572\"><a href=\"https:\/\/relar.com.br\/?page_id=561\" class=\"elementor-item\" tabindex=\"-1\">Basculantes<\/a><\/li>\n<\/ul>\t\t\t<\/nav>\n\t\t\t\t<\/div>\n\t\t\t\t<\/div>\n\t\t\t\t\t<\/div>\n\t\t<\/div>\n\t\t\t\t\t\t\t<\/div>\n\t\t<\/section>\n\t\t\t\t<section class=\"elementor-section elementor-top-section elementor-element elementor-element-5201ceb elementor-hidden-desktop elementor-section-boxed elementor-section-height-default elementor-section-height-default\" data-id=\"5201ceb\" data-element_type=\"section\" data-settings=\"{&quot;background_background&quot;:&quot;classic&quot;}\">\n\t\t\t\t\t\t<div class=\"elementor-container elementor-column-gap-default\">\n\t\t\t\t\t<div class=\"elementor-column elementor-col-100 elementor-top-column elementor-element elementor-element-d3c6205\" data-id=\"d3c6205\" data-element_type=\"column\">\n\t\t\t<div class=\"elementor-widget-wrap elementor-element-populated\">\n\t\t\t\t\t\t\t\t<div class=\"elementor-element elementor-element-6079abc elementor-nav-menu__align-center elementor-nav-menu--dropdown-none elementor-widget elementor-widget-nav-menu\" data-id=\"6079abc\" data-element_type=\"widget\" data-settings=\"{&quot;layout&quot;:&quot;horizontal&quot;,&quot;submenu_icon&quot;:{&quot;value&quot;:&quot;&lt;i class=\\&quot;fas fa-caret-down\\&quot;&gt;&lt;\\\/i&gt;&quot;,&quot;library&quot;:&quot;fa-solid&quot;}}\" data-widget_type=\"nav-menu.default\">\n\t\t\t\t<div class=\"elementor-widget-container\">\n\t\t\t\t\t\t<nav class=\"elementor-nav-menu--main elementor-nav-menu__container elementor-nav-menu--layout-horizontal e--pointer-underline e--animation-fade\">\n\t\t\t\t<ul id=\"menu-1-6079abc\" class=\"elementor-nav-menu\"><li class=\"menu-item menu-item-type-post_type menu-item-object-page menu-item-573\"><a href=\"https:\/\/relar.com.br\/?page_id=558\" class=\"elementor-item\">Venezianas<\/a><\/li>\n<li class=\"menu-item menu-item-type-post_type menu-item-object-page menu-item-569\"><a href=\"https:\/\/relar.com.br\/?page_id=567\" class=\"elementor-item\">Vitr\u00f4<\/a><\/li>\n<li class=\"menu-item menu-item-type-post_type menu-item-object-page menu-item-570\"><a href=\"https:\/\/relar.com.br\/?page_id=565\" class=\"elementor-item\">Portas<\/a><\/li>\n<li class=\"menu-item menu-item-type-post_type menu-item-object-page menu-item-571\"><a href=\"https:\/\/relar.com.br\/?page_id=563\" class=\"elementor-item\">Maxim ar<\/a><\/li>\n<li class=\"menu-item menu-item-type-post_type menu-item-object-page menu-item-572\"><a href=\"https:\/\/relar.com.br\/?page_id=561\" class=\"elementor-item\">Basculantes<\/a><\/li>\n<\/ul>\t\t\t<\/nav>\n\t\t\t\t\t\t<nav class=\"elementor-nav-menu--dropdown elementor-nav-menu__container\" aria-hidden=\"true\">\n\t\t\t\t<ul id=\"menu-2-6079abc\" class=\"elementor-nav-menu\"><li class=\"menu-item menu-item-type-post_type menu-item-object-page menu-item-573\"><a href=\"https:\/\/relar.com.br\/?page_id=558\" class=\"elementor-item\" tabindex=\"-1\">Venezianas<\/a><\/li>\n<li class=\"menu-item menu-item-type-post_type menu-item-object-page menu-item-569\"><a href=\"https:\/\/relar.com.br\/?page_id=567\" class=\"elementor-item\" tabindex=\"-1\">Vitr\u00f4<\/a><\/li>\n<li class=\"menu-item menu-item-type-post_type menu-item-object-page menu-item-570\"><a href=\"https:\/\/relar.com.br\/?page_id=565\" class=\"elementor-item\" tabindex=\"-1\">Portas<\/a><\/li>\n<li class=\"menu-item menu-item-type-post_type menu-item-object-page menu-item-571\"><a href=\"https:\/\/relar.com.br\/?page_id=563\" class=\"elementor-item\" tabindex=\"-1\">Maxim ar<\/a><\/li>\n<li class=\"menu-item menu-item-type-post_type menu-item-object-page menu-item-572\"><a href=\"https:\/\/relar.com.br\/?page_id=561\" class=\"elementor-item\" tabindex=\"-1\">Basculantes<\/a><\/li>\n<\/ul>\t\t\t<\/nav>\n\t\t\t\t<\/div>\n\t\t\t\t<\/div>\n\t\t\t\t\t<\/div>\n\t\t<\/div>\n\t\t\t\t\t\t\t<\/div>\n\t\t<\/section>\n\t\t\t\t<section class=\"elementor-section elementor-top-section elementor-element elementor-element-93c3d81 elementor-hidden-mobile elementor-section-boxed elementor-section-height-default elementor-section-height-default\" data-id=\"93c3d81\" data-element_type=\"section\">\n\t\t\t\t\t\t<div class=\"elementor-container elementor-column-gap-default\">\n\t\t\t\t\t<div class=\"elementor-column elementor-col-33 elementor-top-column elementor-element elementor-element-e9dc1e5\" data-id=\"e9dc1e5\" data-element_type=\"column\">\n\t\t\t<div class=\"elementor-widget-wrap elementor-element-populated\">\n\t\t\t\t\t\t\t\t<div class=\"elementor-element elementor-element-d283cd5 elementor-widget elementor-widget-image\" data-id=\"d283cd5\" data-element_type=\"widget\" data-widget_type=\"image.default\">\n\t\t\t\t<div class=\"elementor-widget-container\">\n\t\t\t<style>\/*! elementor - v3.12.1 - 02-04-2023 *\/\n.elementor-widget-image{text-align:center}.elementor-widget-image a{display:inline-block}.elementor-widget-image a img[src$=\".svg\"]{width:48px}.elementor-widget-image img{vertical-align:middle;display:inline-block}<\/style>\t\t\t\t\t\t\t\t\t\t\t\t<img loading=\"lazy\" decoding=\"async\" width=\"548\" height=\"422\" src=\"https:\/\/relar.com.br\/wp-content\/uploads\/2023\/10\/maxim-ar-1.png\" class=\"elementor-animation-shrink attachment-large size-large wp-image-778\" alt=\"\" srcset=\"https:\/\/relar.com.br\/wp-content\/uploads\/2023\/10\/maxim-ar-1.png 548w, https:\/\/relar.com.br\/wp-content\/uploads\/2023\/10\/maxim-ar-1-300x231.png 300w\" sizes=\"auto, (max-width: 548px) 100vw, 548px\" \/>\t\t\t\t\t\t\t\t\t\t\t\t\t\t\t<\/div>\n\t\t\t\t<\/div>\n\t\t\t\t\t<\/div>\n\t\t<\/div>\n\t\t\t\t<div class=\"elementor-column elementor-col-33 elementor-top-column elementor-element elementor-element-35dbe41\" data-id=\"35dbe41\" data-element_type=\"column\">\n\t\t\t<div class=\"elementor-widget-wrap elementor-element-populated\">\n\t\t\t\t\t\t\t\t<div class=\"elementor-element elementor-element-b818efa elementor-widget elementor-widget-image\" data-id=\"b818efa\" data-element_type=\"widget\" data-widget_type=\"image.default\">\n\t\t\t\t<div class=\"elementor-widget-container\">\n\t\t\t\t\t\t\t\t\t\t\t\t\t\t\t<img loading=\"lazy\" decoding=\"async\" width=\"405\" height=\"195\" src=\"https:\/\/relar.com.br\/wp-content\/uploads\/2024\/05\/2-Modulos-1.jpg\" class=\"attachment-large size-large wp-image-1339\" alt=\"\" srcset=\"https:\/\/relar.com.br\/wp-content\/uploads\/2024\/05\/2-Modulos-1.jpg 405w, https:\/\/relar.com.br\/wp-content\/uploads\/2024\/05\/2-Modulos-1-300x144.jpg 300w\" sizes=\"auto, (max-width: 405px) 100vw, 405px\" \/>\t\t\t\t\t\t\t\t\t\t\t\t\t\t\t<\/div>\n\t\t\t\t<\/div>\n\t\t\t\t\t<\/div>\n\t\t<\/div>\n\t\t\t\t<div class=\"elementor-column elementor-col-33 elementor-top-column elementor-element elementor-element-29cbc19\" data-id=\"29cbc19\" data-element_type=\"column\">\n\t\t\t<div class=\"elementor-widget-wrap\">\n\t\t\t\t\t\t\t\t\t<\/div>\n\t\t<\/div>\n\t\t\t\t\t\t\t<\/div>\n\t\t<\/section>\n\t\t\t\t<section class=\"elementor-section elementor-top-section elementor-element elementor-element-352226d elementor-hidden-mobile elementor-section-boxed elementor-section-height-default elementor-section-height-default\" data-id=\"352226d\" data-element_type=\"section\">\n\t\t\t\t\t\t<div class=\"elementor-container elementor-column-gap-default\">\n\t\t\t\t\t<div class=\"elementor-column elementor-col-33 elementor-top-column elementor-element elementor-element-f6efe16\" data-id=\"f6efe16\" data-element_type=\"column\" data-settings=\"{&quot;background_background&quot;:&quot;classic&quot;}\">\n\t\t\t<div class=\"elementor-widget-wrap elementor-element-populated\">\n\t\t\t\t\t\t\t\t<div class=\"elementor-element elementor-element-09956d9 elementor-widget elementor-widget-text-editor\" data-id=\"09956d9\" data-element_type=\"widget\" data-widget_type=\"text-editor.default\">\n\t\t\t\t<div class=\"elementor-widget-container\">\n\t\t\t<style>\/*! elementor - v3.12.1 - 02-04-2023 *\/\n.elementor-widget-text-editor.elementor-drop-cap-view-stacked .elementor-drop-cap{background-color:#69727d;color:#fff}.elementor-widget-text-editor.elementor-drop-cap-view-framed .elementor-drop-cap{color:#69727d;border:3px solid;background-color:transparent}.elementor-widget-text-editor:not(.elementor-drop-cap-view-default) .elementor-drop-cap{margin-top:8px}.elementor-widget-text-editor:not(.elementor-drop-cap-view-default) .elementor-drop-cap-letter{width:1em;height:1em}.elementor-widget-text-editor .elementor-drop-cap{float:left;text-align:center;line-height:1;font-size:50px}.elementor-widget-text-editor .elementor-drop-cap-letter{display:inline-block}<\/style>\t\t\t\t<h6>Maxim ar 1 M\u00f3dulo<\/h6><h6>60&#215;60<\/h6><p>60&#215;80<\/p><p>80&#215;60<\/p><p>80&#215;80<\/p>\t\t\t\t\t\t<\/div>\n\t\t\t\t<\/div>\n\t\t\t\t\t<\/div>\n\t\t<\/div>\n\t\t\t\t<div class=\"elementor-column elementor-col-33 elementor-top-column elementor-element elementor-element-0327e1f\" data-id=\"0327e1f\" data-element_type=\"column\">\n\t\t\t<div class=\"elementor-widget-wrap elementor-element-populated\">\n\t\t\t\t\t\t\t\t<div class=\"elementor-element elementor-element-3d0c547 elementor-widget elementor-widget-text-editor\" data-id=\"3d0c547\" data-element_type=\"widget\" data-widget_type=\"text-editor.default\">\n\t\t\t\t<div class=\"elementor-widget-container\">\n\t\t\t\t\t\t\t<h6>Maxim ar 2 M\u00f3dulos<\/h6><p>100&#215;60<\/p><p>100&#215;80<\/p>\t\t\t\t\t\t<\/div>\n\t\t\t\t<\/div>\n\t\t\t\t\t<\/div>\n\t\t<\/div>\n\t\t\t\t<div class=\"elementor-column elementor-col-33 elementor-top-column elementor-element elementor-element-988d212\" data-id=\"988d212\" data-element_type=\"column\">\n\t\t\t<div class=\"elementor-widget-wrap\">\n\t\t\t\t\t\t\t\t\t<\/div>\n\t\t<\/div>\n\t\t\t\t\t\t\t<\/div>\n\t\t<\/section>\n\t\t\t\t<section class=\"elementor-section elementor-top-section elementor-element elementor-element-33ffcdc elementor-hidden-desktop elementor-hidden-tablet elementor-section-boxed elementor-section-height-default elementor-section-height-default\" data-id=\"33ffcdc\" data-element_type=\"section\">\n\t\t\t\t\t\t<div class=\"elementor-container elementor-column-gap-default\">\n\t\t\t\t\t<div class=\"elementor-column elementor-col-100 elementor-top-column elementor-element elementor-element-16ce22f\" data-id=\"16ce22f\" data-element_type=\"column\">\n\t\t\t<div class=\"elementor-widget-wrap elementor-element-populated\">\n\t\t\t\t\t\t\t\t<div class=\"elementor-element elementor-element-facdcfb elementor-widget elementor-widget-image\" data-id=\"facdcfb\" data-element_type=\"widget\" data-widget_type=\"image.default\">\n\t\t\t\t<div class=\"elementor-widget-container\">\n\t\t\t\t\t\t\t\t\t\t\t\t\t\t\t<img loading=\"lazy\" decoding=\"async\" width=\"548\" height=\"422\" src=\"https:\/\/relar.com.br\/wp-content\/uploads\/2023\/10\/maxim-ar-1.png\" class=\"attachment-large size-large wp-image-778\" alt=\"\" srcset=\"https:\/\/relar.com.br\/wp-content\/uploads\/2023\/10\/maxim-ar-1.png 548w, https:\/\/relar.com.br\/wp-content\/uploads\/2023\/10\/maxim-ar-1-300x231.png 300w\" sizes=\"auto, (max-width: 548px) 100vw, 548px\" \/>\t\t\t\t\t\t\t\t\t\t\t\t\t\t\t<\/div>\n\t\t\t\t<\/div>\n\t\t\t\t\t<\/div>\n\t\t<\/div>\n\t\t\t\t\t\t\t<\/div>\n\t\t<\/section>\n\t\t\t\t<section class=\"elementor-section elementor-top-section elementor-element elementor-element-21ff653 elementor-hidden-desktop elementor-hidden-tablet elementor-section-boxed elementor-section-height-default elementor-section-height-default\" data-id=\"21ff653\" data-element_type=\"section\">\n\t\t\t\t\t\t<div class=\"elementor-container elementor-column-gap-default\">\n\t\t\t\t\t<div class=\"elementor-column elementor-col-100 elementor-top-column elementor-element elementor-element-7ca3b56\" data-id=\"7ca3b56\" data-element_type=\"column\" data-settings=\"{&quot;background_background&quot;:&quot;classic&quot;}\">\n\t\t\t<div class=\"elementor-widget-wrap elementor-element-populated\">\n\t\t\t\t\t\t\t\t<div class=\"elementor-element elementor-element-dc418d0 elementor-widget elementor-widget-text-editor\" data-id=\"dc418d0\" data-element_type=\"widget\" data-widget_type=\"text-editor.default\">\n\t\t\t\t<div class=\"elementor-widget-container\">\n\t\t\t\t\t\t\t<h6>Maxim ar 1 M\u00f3dulo<\/h6><p>60&#215;60<\/p><p>60&#215;80<\/p><p>80&#215;60<\/p><p>80&#215;80<\/p>\t\t\t\t\t\t<\/div>\n\t\t\t\t<\/div>\n\t\t\t\t\t<\/div>\n\t\t<\/div>\n\t\t\t\t\t\t\t<\/div>\n\t\t<\/section>\n\t\t\t\t\t\t\t<\/div>\n\t\t","protected":false},"excerpt":{"rendered":"<p>Maxim ar 1 M\u00f3dulo 60&#215;60 60&#215;80 80&#215;60 80&#215;80 Maxim ar 2 M\u00f3dulos 100&#215;60 100&#215;80 Maxim ar 1 M\u00f3dulo 60&#215;60 60&#215;80 80&#215;60 80&#215;80<\/p>\n","protected":false},"author":1,"featured_media":0,"parent":0,"menu_order":0,"comment_status":"closed","ping_status":"closed","template":"","meta":{"_joinchat":[],"footnotes":""},"class_list":["post-563","page","type-page","status-publish","hentry"],"yoast_head":"<!-- This site is optimized with the Yoast SEO Premium plugin v18.7 (Yoast SEO v19.0) - https:\/\/yoast.com\/wordpress\/plugins\/seo\/ -->\n<title>Maxim ar - Relam<\/title>\n<meta name=\"robots\" content=\"index, follow, max-snippet:-1, max-image-preview:large, max-video-preview:-1\" \/>\n<link rel=\"canonical\" href=\"https:\/\/relar.com.br\/?page_id=563\" \/>\n<meta property=\"og:locale\" content=\"en_US\" \/>\n<meta property=\"og:type\" content=\"article\" \/>\n<meta property=\"og:title\" content=\"Maxim ar\" \/>\n<meta property=\"og:description\" content=\"Maxim ar 1 M\u00f3dulo 60&#215;60 60&#215;80 80&#215;60 80&#215;80 Maxim ar 2 M\u00f3dulos 100&#215;60 100&#215;80 Maxim ar 1 M\u00f3dulo 60&#215;60 60&#215;80 80&#215;60 80&#215;80\" \/>\n<meta property=\"og:url\" content=\"https:\/\/relar.com.br\/?page_id=563\" \/>\n<meta property=\"og:site_name\" content=\"Relam\" \/>\n<meta property=\"article:modified_time\" content=\"2024-05-21T18:05:32+00:00\" \/>\n<meta property=\"og:image\" content=\"https:\/\/relar.com.br\/wp-content\/uploads\/2023\/10\/maxim-ar-1.png\" \/>\n<meta name=\"twitter:card\" content=\"summary_large_image\" \/>\n<script type=\"application\/ld+json\" class=\"yoast-schema-graph\">{\"@context\":\"https:\/\/schema.org\",\"@graph\":[{\"@type\":\"WebSite\",\"@id\":\"https:\/\/relar.com.br\/#website\",\"url\":\"https:\/\/relar.com.br\/\",\"name\":\"Relam\",\"description\":\"\",\"potentialAction\":[{\"@type\":\"SearchAction\",\"target\":{\"@type\":\"EntryPoint\",\"urlTemplate\":\"https:\/\/relar.com.br\/?s={search_term_string}\"},\"query-input\":\"required name=search_term_string\"}],\"inLanguage\":\"en-US\"},{\"@type\":\"ImageObject\",\"inLanguage\":\"en-US\",\"@id\":\"https:\/\/relar.com.br\/?page_id=563#primaryimage\",\"url\":\"https:\/\/relar.com.br\/wp-content\/uploads\/2023\/10\/maxim-ar-1.png\",\"contentUrl\":\"https:\/\/relar.com.br\/wp-content\/uploads\/2023\/10\/maxim-ar-1.png\",\"width\":548,\"height\":422},{\"@type\":\"WebPage\",\"@id\":\"https:\/\/relar.com.br\/?page_id=563#webpage\",\"url\":\"https:\/\/relar.com.br\/?page_id=563\",\"name\":\"Maxim ar - Relam\",\"isPartOf\":{\"@id\":\"https:\/\/relar.com.br\/#website\"},\"primaryImageOfPage\":{\"@id\":\"https:\/\/relar.com.br\/?page_id=563#primaryimage\"},\"datePublished\":\"2023-10-26T12:59:55+00:00\",\"dateModified\":\"2024-05-21T18:05:32+00:00\",\"breadcrumb\":{\"@id\":\"https:\/\/relar.com.br\/?page_id=563#breadcrumb\"},\"inLanguage\":\"en-US\",\"potentialAction\":[{\"@type\":\"ReadAction\",\"target\":[\"https:\/\/relar.com.br\/?page_id=563\"]}]},{\"@type\":\"BreadcrumbList\",\"@id\":\"https:\/\/relar.com.br\/?page_id=563#breadcrumb\",\"itemListElement\":[{\"@type\":\"ListItem\",\"position\":1,\"name\":\"In\u00edcio\",\"item\":\"https:\/\/relar.com.br\/\"},{\"@type\":\"ListItem\",\"position\":2,\"name\":\"Maxim ar\"}]}]}<\/script>\n<!-- \/ Yoast SEO Premium plugin. -->","yoast_head_json":{"title":"Maxim ar - Relam","robots":{"index":"index","follow":"follow","max-snippet":"max-snippet:-1","max-image-preview":"max-image-preview:large","max-video-preview":"max-video-preview:-1"},"canonical":"https:\/\/relar.com.br\/?page_id=563","og_locale":"en_US","og_type":"article","og_title":"Maxim ar","og_description":"Maxim ar 1 M\u00f3dulo 60&#215;60 60&#215;80 80&#215;60 80&#215;80 Maxim ar 2 M\u00f3dulos 100&#215;60 100&#215;80 Maxim ar 1 M\u00f3dulo 60&#215;60 60&#215;80 80&#215;60 80&#215;80","og_url":"https:\/\/relar.com.br\/?page_id=563","og_site_name":"Relam","article_modified_time":"2024-05-21T18:05:32+00:00","og_image":[{"url":"https:\/\/relar.com.br\/wp-content\/uploads\/2023\/10\/maxim-ar-1.png"}],"twitter_card":"summary_large_image","schema":{"@context":"https:\/\/schema.org","@graph":[{"@type":"WebSite","@id":"https:\/\/relar.com.br\/#website","url":"https:\/\/relar.com.br\/","name":"Relam","description":"","potentialAction":[{"@type":"SearchAction","target":{"@type":"EntryPoint","urlTemplate":"https:\/\/relar.com.br\/?s={search_term_string}"},"query-input":"required name=search_term_string"}],"inLanguage":"en-US"},{"@type":"ImageObject","inLanguage":"en-US","@id":"https:\/\/relar.com.br\/?page_id=563#primaryimage","url":"https:\/\/relar.com.br\/wp-content\/uploads\/2023\/10\/maxim-ar-1.png","contentUrl":"https:\/\/relar.com.br\/wp-content\/uploads\/2023\/10\/maxim-ar-1.png","width":548,"height":422},{"@type":"WebPage","@id":"https:\/\/relar.com.br\/?page_id=563#webpage","url":"https:\/\/relar.com.br\/?page_id=563","name":"Maxim ar - Relam","isPartOf":{"@id":"https:\/\/relar.com.br\/#website"},"primaryImageOfPage":{"@id":"https:\/\/relar.com.br\/?page_id=563#primaryimage"},"datePublished":"2023-10-26T12:59:55+00:00","dateModified":"2024-05-21T18:05:32+00:00","breadcrumb":{"@id":"https:\/\/relar.com.br\/?page_id=563#breadcrumb"},"inLanguage":"en-US","potentialAction":[{"@type":"ReadAction","target":["https:\/\/relar.com.br\/?page_id=563"]}]},{"@type":"BreadcrumbList","@id":"https:\/\/relar.com.br\/?page_id=563#breadcrumb","itemListElement":[{"@type":"ListItem","position":1,"name":"In\u00edcio","item":"https:\/\/relar.com.br\/"},{"@type":"ListItem","position":2,"name":"Maxim ar"}]}]}},"_links":{"self":[{"href":"https:\/\/relar.com.br\/index.php?rest_route=\/wp\/v2\/pages\/563","targetHints":{"allow":["GET"]}}],"collection":[{"href":"https:\/\/relar.com.br\/index.php?rest_route=\/wp\/v2\/pages"}],"about":[{"href":"https:\/\/relar.com.br\/index.php?rest_route=\/wp\/v2\/types\/page"}],"author":[{"embeddable":true,"href":"https:\/\/relar.com.br\/index.php?rest_route=\/wp\/v2\/users\/1"}],"replies":[{"embeddable":true,"href":"https:\/\/relar.com.br\/index.php?rest_route=%2Fwp%2Fv2%2Fcomments&post=563"}],"version-history":[{"count":31,"href":"https:\/\/relar.com.br\/index.php?rest_route=\/wp\/v2\/pages\/563\/revisions"}],"predecessor-version":[{"id":1351,"href":"https:\/\/relar.com.br\/index.php?rest_route=\/wp\/v2\/pages\/563\/revisions\/1351"}],"wp:attachment":[{"href":"https:\/\/relar.com.br\/index.php?rest_route=%2Fwp%2Fv2%2Fmedia&parent=563"}],"curies":[{"name":"wp","href":"https:\/\/api.w.org\/{rel}","templated":true}]}}